{"id":1287,"date":"2017-09-25T20:23:30","date_gmt":"2017-09-25T13:23:30","guid":{"rendered":"http:\/\/spicy-event.com\/?page_id=1287"},"modified":"2026-03-25T10:09:10","modified_gmt":"2026-03-25T08:09:10","slug":"%e9%9b%b7%e5%a1%9e%e9%bd%90%e5%b0%94","status":"publish","type":"page","link":"https:\/\/spicy-event.com\/zh\/reiseziel\/","title":{"rendered":"\u8d56\u585e\u9f50\u5c14"},"content":{"rendered":"<div class=\"et_pb_section_0 et_pb_section et_pb_fullwidth_section et_section_regular et_block_section\"><div class=\"et_pb_fullwidth_image_0 et_pb_fullwidth_image et_pb_module\"><img data-opt-id=1749168108  fetchpriority=\"high\" loading=\"lazy\" decoding=\"async\" src=\"https:\/\/mlmbqjuxddrl.i.optimole.com\/w:auto\/h:auto\/q:mauto\/f:best\/https:\/\/spicy-event.com\/wp-content\/uploads\/2015\/09\/R_WE2304_result.jpg\" width=\"1600\" height=\"1066\" srcset=\"https:\/\/mlmbqjuxddrl.i.optimole.com\/w:1600\/h:1066\/q:mauto\/f:best\/https:\/\/spicy-event.com\/wp-content\/uploads\/2015\/09\/R_WE2304_result.jpg 1600w, https:\/\/mlmbqjuxddrl.i.optimole.com\/w:300\/h:200\/q:mauto\/f:best\/https:\/\/spicy-event.com\/wp-content\/uploads\/2015\/09\/R_WE2304_result.jpg 300w, https:\/\/mlmbqjuxddrl.i.optimole.com\/w:1024\/h:682\/q:mauto\/f:best\/https:\/\/spicy-event.com\/wp-content\/uploads\/2015\/09\/R_WE2304_result.jpg 1024w, https:\/\/mlmbqjuxddrl.i.optimole.com\/w:768\/h:512\/q:mauto\/f:best\/https:\/\/spicy-event.com\/wp-content\/uploads\/2015\/09\/R_WE2304_result.jpg 768w, https:\/\/mlmbqjuxddrl.i.optimole.com\/w:1080\/h:720\/q:mauto\/f:best\/https:\/\/spicy-event.com\/wp-content\/uploads\/2015\/09\/R_WE2304_result.jpg 1080w\" sizes=\"(max-width: 1080px) 100vw, 1080px\" class=\"wp-image-771\" alt=\"\" title=\"\"><\/div><\/div><div class=\"et_pb_section_1 et_pb_section et_section_regular et_block_section\"><div class=\"et_pb_row_0 et_pb_row et_block_row\"><div class=\"et_pb_column_0 et_pb_column et_pb_column_4_4 et-last-child et_block_column et_pb_css_mix_blend_mode_passthrough\"><div class=\"et_pb_cta_0 et_pb_promo et_pb_bg_layout_dark et_pb_module et_block_module\"><div class=\"et_pb_promo_description\"><h2 class=\"et_pb_module_header\">\u82cf\u6885\u5c9b\u662f\u6cf0\u56fd\u6700\u53e4\u8001\u7684\u5c9b\u5c7f\u3002 Luxus-Villen und Resorts bieten sich hier als eine gro\u00dfartige Kulisse f\u00fcr kleine oder gro\u00dfe Familienhochzeiten \u548c..<\/h2><div class=\"et_pb_promo_content\"><p>&nbsp;<\/p>\n<p>&nbsp;<\/p>\n<\/div><\/div><div class=\"et_pb_button_wrapper\"><a class=\"et_pb_button et_pb_promo_button\" href=\"https:\/\/spicy-event.com\/contact-us\/\">Kontaktieren Sie uns noch heute<\/a><\/div><\/div><\/div><\/div><\/div><div class=\"et_pb_section_2 et_pb_section et_section_regular et_block_section\"><div class=\"et_pb_row_1 et_pb_row et_block_row\"><div class=\"et_pb_column_1 et_pb_column et_pb_column_4_4 et-last-child et_block_column et_pb_css_mix_blend_mode_passthrough\"><div class=\"et_pb_text_0 et_pb_text et_pb_bg_layout_light et_pb_module et_block_module\"><div class=\"et_pb_text_inner\"><p>&nbsp;<\/p>\n<h3><strong>\u6cf0\u56fd\u82cf\u6885\u5c9b<\/strong><\/h3>\n<p>\u82cf\u6885\u5c9b\u662f\u4e00\u4e2a\u53e4\u8001\u7684\u70ed\u5e26\u5c9b\u5c7f\uff0c\u62e5\u6709\u6c34\u6676\u822c\u7684\u6d77\u6c34\u548c\u68d5\u6988\u6811\u7684\u6c99\u6ee9\u3002\u8fd9\u5c31\u662f\u7530\u56ed\u8bd7\u822c\u7684\u6d6a\u6f2b\u5929\u5802\u3002.<\/p>\n<p>\u82cf\u6885\u5c9b\u662f\u6cf0\u56fd\u7684\u5c9b\u5c7f\uff0c\u4f4d\u4e8e\u6cf0\u56fd\u4e2d\u90e8\u9ad8\u5c14\u592b\u7403\u573a\u3002\u8fd9\u91cc\u6709\u5f88\u591a\u98de\u673a\u573a\u3001\u8001\u57ce\u533a\u3001\u9152\u5427\u3001\u9910\u5385\u3001\u5c0f\u8bbe\u65bd\u3001\u6309\u6469\u9662\u548c\u6c34\u7597\u4e2d\u5fc3\u3002.<\/p>\n<p>Wenn Sie auf dieser Insel bleiben, werden Sie nicht nur die ausgezeichneten Str\u00e4nde, das klare t\u00fcrkisblaue Wasser, die tropische Pflanze und die Fauna genie\u00dfen k\u00f6nnen, sondern auch das wunderbare Nachtleben, eine Vielzahl von Wassersportaktivit\u00e4ten und kurze oder ganzt\u00e4gige Erkundungsreisen\u3002\u8fd9\u91cc\u6709 Fischerdorf\u3001Krokodil\u3001Schlange \u548c Schmetterlingsfarm\u3001\u6c34\u65cf\u9986\u3001\u4f5b\u6559\u5bfa\u5e99\u3001Wasserf\u00e4lle \u548c\u5176\u4ed6\u666f\u70b9\u3002 Es ist auch m\u00f6glich, Fahrten zu den umliegenden kleinen Inseln - \u5e15\u5cb8\u5c9b\u3001\u6d9b\u5c9b\u3001\u5b89\u901a\u5c9b\u548c\u5357\u56ed\u5c9b\u3002.<\/p>\n<p>&nbsp;<\/p>\n<\/div><\/div><\/div><\/div><\/div><div class=\"et_pb_section_3 et_pb_section et_pb_fullwidth_section et_section_regular et_block_section\"><div class=\"et_pb_fullwidth_image_1 et_pb_fullwidth_image et_pb_module\"><img data-opt-id=1749168108  fetchpriority=\"high\" loading=\"lazy\" decoding=\"async\" src=\"https:\/\/mlmbqjuxddrl.i.optimole.com\/w:auto\/h:auto\/q:mauto\/f:best\/https:\/\/spicy-event.com\/wp-content\/uploads\/2015\/09\/R_WE2304_result.jpg\" width=\"1600\" height=\"1066\" srcset=\"https:\/\/mlmbqjuxddrl.i.optimole.com\/w:1600\/h:1066\/q:mauto\/f:best\/https:\/\/spicy-event.com\/wp-content\/uploads\/2015\/09\/R_WE2304_result.jpg 1600w, https:\/\/mlmbqjuxddrl.i.optimole.com\/w:300\/h:200\/q:mauto\/f:best\/https:\/\/spicy-event.com\/wp-content\/uploads\/2015\/09\/R_WE2304_result.jpg 300w, https:\/\/mlmbqjuxddrl.i.optimole.com\/w:1024\/h:682\/q:mauto\/f:best\/https:\/\/spicy-event.com\/wp-content\/uploads\/2015\/09\/R_WE2304_result.jpg 1024w, https:\/\/mlmbqjuxddrl.i.optimole.com\/w:768\/h:512\/q:mauto\/f:best\/https:\/\/spicy-event.com\/wp-content\/uploads\/2015\/09\/R_WE2304_result.jpg 768w, https:\/\/mlmbqjuxddrl.i.optimole.com\/w:1080\/h:720\/q:mauto\/f:best\/https:\/\/spicy-event.com\/wp-content\/uploads\/2015\/09\/R_WE2304_result.jpg 1080w\" sizes=\"(max-width: 1080px) 100vw, 1080px\" class=\"wp-image-771\" alt=\"\" title=\"\"><\/div><\/div><div class=\"et_pb_section_4 et_pb_section et_section_regular et_block_section\"><div class=\"et_pb_row_2 et_pb_row et_block_row\"><div class=\"et_pb_column_2 et_pb_column et_pb_column_4_4 et-last-child et_block_column et_pb_css_mix_blend_mode_passthrough\"><div class=\"et_pb_cta_1 et_pb_promo et_pb_bg_layout_dark et_pb_module et_block_module\"><div class=\"et_pb_promo_description\"><h2 class=\"et_pb_module_header\">\u666e\u5409\u5c9b\u662f\u5b89\u8fbe\u66fc\u6e56\u7554\u7684\u73cd\u73e0\u5c9b\uff0c\u4f4d\u4e8e\u6fb3\u5927\u5229\u4e9a\u7684\u963f\u7279\u59c6\u535a\u672c\u767b<\/h2><div class=\"et_pb_promo_content\"><p>&nbsp;<\/p>\n<p>&nbsp;<\/p>\n<\/div><\/div><div class=\"et_pb_button_wrapper\"><a class=\"et_pb_button et_pb_promo_button\" href=\"https:\/\/spicy-event.com\/contact-us\/\">Kontaktiern Sie uns noch heute<\/a><\/div><\/div><\/div><\/div><\/div><div class=\"et_pb_section_5 et_pb_section et_section_regular et_block_section\"><div class=\"et_pb_row_3 et_pb_row et_block_row\"><div class=\"et_pb_column_3 et_pb_column et_pb_column_4_4 et-last-child et_block_column et_pb_css_mix_blend_mode_passthrough\"><div class=\"et_pb_text_1 et_pb_text et_pb_bg_layout_light et_pb_module et_block_module\"><div class=\"et_pb_text_inner\"><h2>\u6cf0\u56fd\u666e\u5409\u5c9b<\/h2>\n<p>\u666e\u5409\u5c9b\u662f\u6cf0\u56fd\u5c9b\u5c7f\u7684\u6700\u4f73\u548c\u6700\u503c\u5f97\u4fe1\u8d56\u7684\u5730\u65b9\uff0c\u5b83\u662f\u585e\u7eb3\u6cb3\u6c99\u6ee9\u4e0a\u7684\"Perle des Adamans\"\u6216\"Perle des S\u00fcdens\"\u548c\u6c34\u6676\u822c\u7684Inselgew\u00e4sser genannt\u3002.<\/p>\n<p>\u666e\u5409\u5c9b\u7684\u6d3b\u52a8\u5305\u62ec\uff1aSchwimmen\u3001Tauchen\u3001Schnorcheln\u3001Golfen\u3001Bootfahren\u3001Elefantenfahrten \u548c andere Arten von Sport \u548c Unterhaltung einschlie\u00dflich Spopping \u548c Nachtleben\u3002\u8fd9\u662f\u4e00\u4e2a\u4f4d\u4e8e 5 \u661f\u7ea7\u9152\u5e97\u548c\u5ea6\u5047\u6751\u7684\u6807\u51c6\u5e73\u623f\u3002\u666e\u5409\u5c9b bietet wirklich einen unvergesslichen Urlaub\uff01<\/p>\n<p>&nbsp;<\/p>\n<\/div><\/div><\/div><\/div><\/div><div class=\"et_pb_section_6 et_pb_section et_pb_fullwidth_section et_section_regular et_block_section\"><div class=\"et_pb_fullwidth_image_2 et_pb_fullwidth_image et_pb_module\"><img data-opt-id=1749168108  fetchpriority=\"high\" loading=\"lazy\" decoding=\"async\" src=\"https:\/\/mlmbqjuxddrl.i.optimole.com\/w:auto\/h:auto\/q:mauto\/f:best\/https:\/\/spicy-event.com\/wp-content\/uploads\/2015\/09\/R_WE2304_result.jpg\" width=\"1600\" height=\"1066\" srcset=\"https:\/\/mlmbqjuxddrl.i.optimole.com\/w:1600\/h:1066\/q:mauto\/f:best\/https:\/\/spicy-event.com\/wp-content\/uploads\/2015\/09\/R_WE2304_result.jpg 1600w, https:\/\/mlmbqjuxddrl.i.optimole.com\/w:300\/h:200\/q:mauto\/f:best\/https:\/\/spicy-event.com\/wp-content\/uploads\/2015\/09\/R_WE2304_result.jpg 300w, https:\/\/mlmbqjuxddrl.i.optimole.com\/w:1024\/h:682\/q:mauto\/f:best\/https:\/\/spicy-event.com\/wp-content\/uploads\/2015\/09\/R_WE2304_result.jpg 1024w, https:\/\/mlmbqjuxddrl.i.optimole.com\/w:768\/h:512\/q:mauto\/f:best\/https:\/\/spicy-event.com\/wp-content\/uploads\/2015\/09\/R_WE2304_result.jpg 768w, https:\/\/mlmbqjuxddrl.i.optimole.com\/w:1080\/h:720\/q:mauto\/f:best\/https:\/\/spicy-event.com\/wp-content\/uploads\/2015\/09\/R_WE2304_result.jpg 1080w\" sizes=\"(max-width: 1080px) 100vw, 1080px\" class=\"wp-image-771\" alt=\"\" title=\"\"><\/div><\/div><div class=\"et_pb_section_7 et_pb_section et_section_regular et_block_section\"><div class=\"et_pb_row_4 et_pb_row et_block_row\"><div class=\"et_pb_column_4 et_pb_column et_pb_column_4_4 et-last-child et_block_column et_pb_css_mix_blend_mode_passthrough\"><div class=\"et_pb_cta_2 et_pb_promo et_pb_bg_layout_dark et_pb_module et_block_module\"><div class=\"et_pb_promo_description\"><h2 class=\"et_pb_module_header\">\u8c61\u5c9b\u56fd\u5bb6\u516c\u56ed\uff08Koh Chang Teil des Nationalparks mit langen wei\u00dfen Sandstr\u00e4nden\uff09<\/h2><div class=\"et_pb_promo_content\"><p>&nbsp;<\/p>\n<p>&nbsp;<\/p>\n<\/div><\/div><div class=\"et_pb_button_wrapper\"><a class=\"et_pb_button et_pb_promo_button\" href=\"https:\/\/spicy-event.com\/contact-us\/\">Kontaktieren Sie uns noch heute<\/a><\/div><\/div><\/div><\/div><\/div><div class=\"et_pb_section_8 et_pb_section et_section_regular et_block_section\"><div class=\"et_pb_row_5 et_pb_row et_block_row\"><div class=\"et_pb_column_5 et_pb_column et_pb_column_4_4 et-last-child et_block_column et_pb_css_mix_blend_mode_passthrough\"><div class=\"et_pb_text_2 et_pb_text et_pb_bg_layout_light et_pb_module et_block_module\"><div class=\"et_pb_text_inner\"><h2>\u6cf0\u56fd\u8c61\u5c9b<\/h2>\n<p>\u8c61\u5c9b\u662f\u70ed\u5e26\u5929\u5802\uff0c\u4f4d\u4e8e\u5351\u5c14\u6839\u548c\u70ed\u5e26\u518d\u751f\u68ee\u6797\u4e4b\u4e2d\u3002\u8fd9\u662f\u4e00\u79cd\u5145\u6ee1\u6d6a\u6f2b\u6c14\u606f\u7684\u6c1b\u56f4\uff0c\u662f Flitterwochen\u3001Hochzeiten \u548c Familienurlaub mit Kindern \u7684\u7406\u60f3\u9009\u62e9\u3002.<\/p>\n<p>\u8c61\u5c9b\u662f\u6cf0\u56fd\u7684 zweitgr\u00f6\u00dfte Insel\u3002\u8fd9\u662f\u5728 Provinz Trat \u7684 Osten des Landes \u4e2d\u7684\uff0c\u5728 der N\u00e4he der Grenze zu Kambodscha \u4e2d\u3002 Dermalerische Ko Chang hei\u00dft auch Elefanteninsel, dieser Name steht f\u00fcr seine Elefanten-f\u00f6rmige Landzunge.<\/p>\n<p>\u4f4f\u5bbf\u5730\u70b9\u5305\u62ec\uff1aFischerdorf Bang Bao\u3001Wasserf\u00e4lle Klong Plu \u548c Thanmayon\u3001Elefantendorf\u3002 Wenn Sie aktive Freizeitaktivit\u00e4ten bevorzugen\u3001k\u00f6nnen Sie Tauchen\u3001Schnorcheln\u3001Schwimmen\u3001Kajakfahren\u3001Bootsfahrten\u3001\u9ad8\u5c14\u592b\u3001Elefanten-Trekking \u548c Dschungelwandern genie\u00dfen\u3002.<\/p>\n<p>&nbsp;<\/p>\n<p>&nbsp;<\/p>\n<\/div><\/div><\/div><\/div><\/div>","protected":false},"excerpt":{"rendered":"","protected":false},"author":4,"featured_media":0,"parent":0,"menu_order":0,"comment_status":"closed","ping_status":"closed","template":"","meta":{"footnotes":""},"class_list":["post-1287","page","type-page","status-publish","hentry"],"_links":{"self":[{"href":"https:\/\/spicy-event.com\/zh\/wp-json\/wp\/v2\/pages\/1287","targetHints":{"allow":["GET"]}}],"collection":[{"href":"https:\/\/spicy-event.com\/zh\/wp-json\/wp\/v2\/pages"}],"about":[{"href":"https:\/\/spicy-event.com\/zh\/wp-json\/wp\/v2\/types\/page"}],"author":[{"embeddable":true,"href":"https:\/\/spicy-event.com\/zh\/wp-json\/wp\/v2\/users\/4"}],"replies":[{"embeddable":true,"href":"https:\/\/spicy-event.com\/zh\/wp-json\/wp\/v2\/comments?post=1287"}],"version-history":[{"count":1,"href":"https:\/\/spicy-event.com\/zh\/wp-json\/wp\/v2\/pages\/1287\/revisions"}],"predecessor-version":[{"id":2430,"href":"https:\/\/spicy-event.com\/zh\/wp-json\/wp\/v2\/pages\/1287\/revisions\/2430"}],"wp:attachment":[{"href":"https:\/\/spicy-event.com\/zh\/wp-json\/wp\/v2\/media?parent=1287"}],"curies":[{"name":"\u53ef\u6e7f\u6027\u7c89\u5242","href":"https:\/\/api.w.org\/{rel}","templated":true}]}}